{"id":11,"date":"2017-10-16T10:02:21","date_gmt":"2017-10-16T08:02:21","guid":{"rendered":"http:\/\/www.tourette.dk\/dev\/?page_id=11"},"modified":"2026-04-16T22:24:22","modified_gmt":"2026-04-16T20:24:22","slug":"forside","status":"publish","type":"page","link":"https:\/\/www.tourette.dk\/forside\/","title":{"rendered":"Forside"},"content":{"rendered":"\n\n\t\t\t<h5><em>Velkommen til<\/em><\/h5><h1>Dansk Tourette Forening<\/h1>\t\t\t\n\t\t\t\t<h2>Viden. Forst\u00e5else. F\u00e6llesskab.<\/h2>\n<p>Dansk Tourette Forening er landsforeningen for b\u00e6rere af Tourettes syndrom og deres p\u00e5r\u00f8rende.<\/p>\n\t\t\t<h1>Om foreningen<\/h1>\t\t\t\n\t\t\t\t<p>Dansk Tourette Forening er en landsforening for b\u00e6rere af Gilles de la Tourettes syndrom (TS) og deres p\u00e5r\u00f8rende.<\/p>\n<p>Foreningen er startet i 1984 og har som form\u00e5l at hj\u00e6lpe medlemmerne &#8211; udbrede kendskab til TS og formidle erfaringer og resultater af forskning m.m.<\/p>\n<p>Disse sider er et led i opfyldelsen af dette form\u00e5l.<\/p>\n<p>L\u00e6s vores folder om Dansk Tourette Forening her: <a href=\"https:\/\/www.tourette.dk\/wp-content\/uploads\/2025\/02\/DanskTouretteForening_folder.pdf\">FOLDER<\/a><\/p>\n<p>Vil du vide mere om Tourettes syndrom? Klik her: <a href=\"https:\/\/www.tourette.dk\/forside\/om-tourette\/\">Om Tourette<\/a><\/p>\n<p>L\u00e6s referater fra de seneste generalforsamlinger her:<\/p>\n<p><a href=\"https:\/\/www.tourette.dk\/wp-content\/uploads\/2025\/05\/Dagsorden-og-referat_Generalforsamling-DTF_29.03.2025-underskrevet.pdf\">Generalforsamling 2025<\/a><br \/><a href=\"https:\/\/www.tourette.dk\/wp-content\/uploads\/2024\/04\/Generalforsamling-Dansk-Tourette-Forening-2024.-REFERAT.pdf\">Generalforsamling 2024<\/a><br \/><a href=\"https:\/\/www.tourette.dk\/wp-content\/uploads\/2023\/04\/250323-Generalforsamling-Dansk-Tourette-Forening.-Godkendt-underskrevet.pdf\">Generalforsamling 2023<\/a><\/p>\n<h3>\n\t\t\tAktiviteter\t<\/h3>\n\t<a href=\"https:\/\/www.tourette.dk\/forside\/arrangementer\/familieweekend-i-trelde-naes-april-2026\/\" target=\"_blank\" rel=\"noopener\" aria-label=\"Go to https:\/\/www.tourette.dk\/forside\/arrangementer\/familieweekend-i-trelde-naes-april-2026\/\"><\/a>\t\t\t\t\n\t\t\t<h4>N\u00e6ste  Familieweekend<\/h4>\t\t\t\n\t\t\t\t<p>18.-19. april 2026 i Trelden\u00e6s ved Fredericia<\/p>\n<p>Program for weekenden er nu her p\u00e5 hjemmesiden under Arrangementer<\/p>\n\t\t\t<h4>N\u00e6ste  Voksentr\u00e6f<\/h4>\t\t\t\n\t\t\t\t<p>10.-12. april 2026 i Trelde N\u00e6s ved Fredericia.<\/p>\n<p><strong>Program og tilmelding<\/strong> er nu her p\u00e5 hjemmesiden under arrangementer.<\/p>\n<p>Voksengruppens hjemmeside bliver p.t. ikke opdateret.<\/p>\n\t\t\t<a href=\"https:\/\/www.tourette.dk\/arrangementer\/voksentraef-april-2025\/\" title=\"Voksengruppen\" target=\"_blank\" rel=\"noopener\"  role=\"button\" aria-label=\"Voksengruppen\">\n\t\t\t\t\t\t\t\t\t\t\tVoksengruppen\n\t\t<\/a>\n\t\t\t<h4>N\u00e6ste  Unge-tr\u00e6f<\/h4>\t\t\t\n\t\t\t\t<p>23.-24. maj 2026 i Trelde N\u00e6s ved Fredericia.<\/p>\n<p><a href=\"https:\/\/www.tourette.dk\/forside\/arrangementer\/unge-traef-paa-trelde-naes-i-maj\/\"><strong>Klik her for: Program og tilmelding<\/strong><\/a><\/p>\n\t\t\t<a href=\"https:\/\/www.tourette.dk\/forside\/arrangementer\/unge-traef-paa-trelde-naes-i-maj\/\" title=\"Ungegruppen\" target=\"_blank\" rel=\"noopener\"  role=\"button\" aria-label=\"Ungegruppen\">\n\t\t\t\t\t\t\t\t\t\t\tUngegruppen\n\t\t<\/a>\n<h3>\n\t\t\tSeneste nyt\t<\/h3>\n\t\t\t\t\t\t\t<h6>\n\t\t\t08 april 2026\t\t\t\n\t\t\t\t\t\t\t<\/h6>\n\t\t\t\t\t\t\t<h4>\n\t\t\t\t<a href=\"https:\/\/www.tourette.dk\/forside\/eksklusiv-indbydelse-til-filmen-i-swear-i-aarhus-bio-25-4\/\" title=\"Eksklusiv indbydelse til filmen &#8220;I Swear&#8221; i Aarhus Bio 25\/4\">Eksklusiv indbydelse til filmen &#8220;I Swear&#8221; i Aarhus Bio 25\/4<\/a>\t\t\t<\/h4>\n\t\t\t\t\t\t\t\tVi vil gerne invitere alle vores medlemmer i Dansk Tourette Forening i biografen til en eksklusiv visning i Aarhus Bio &#8230;\n\t\t\t\t\t<a href=\"https:\/\/www.tourette.dk\/forside\/eksklusiv-indbydelse-til-filmen-i-swear-i-aarhus-bio-25-4\/\" title=\"Read More\" target=\"_self\">L\u00e6s mere &#8594;<\/a>\t\t\n\t\t\t\t\t\t\t<h6>\n\t\t\t19 marts 2026\t\t\t\n\t\t\t\t\t\t\t<\/h6>\n\t\t\t\t\t\t\t<h4>\n\t\t\t\t<a href=\"https:\/\/www.tourette.dk\/forside\/tics-er-ikke-en-sygdom-men-lidt-for-meget-af-noget-normalt\/\" title=\"Tics er ikke en sygdom - men lidt for meget af noget normalt\">Tics er ikke en sygdom &#8211; men lidt for meget af noget normalt<\/a>\t\t\t<\/h4>\n\t\t\t\t\t\t\t\tDansk Tourette Forenings udsendte er denne gang rejst til Aarhus Universitetshospital for at bes\u00f8ge et af landets ekspertteams for Tourettes &#8230;\n\t\t\t\t\t<a href=\"https:\/\/www.tourette.dk\/forside\/tics-er-ikke-en-sygdom-men-lidt-for-meget-af-noget-normalt\/\" title=\"Read More\" target=\"_self\">L\u00e6s mere &#8594;<\/a>\t\t\n\t\t\t\t\t\t\t<h6>\n\t\t\t23 januar 2026\t\t\t\n\t\t\t\t\t\t\t<\/h6>\n\t\t\t\t\t\t\t<h4>\n\t\t\t\t<a href=\"https:\/\/www.tourette.dk\/forside\/viggo-paa-13-aar-om-at-vaere-paa-familieweekend\/\" title=\"Viggo p\u00e5 13 \u00e5r om at v\u00e6re p\u00e5 familieweekend\">Viggo p\u00e5 13 \u00e5r om at v\u00e6re p\u00e5 familieweekend<\/a>\t\t\t<\/h4>\n\t\t\t\t\t\t\t\tEn solskinshistorie Det hele startede, da jeg fik at vide, at jeg havde Tourettes syndrom. En dag fik vi med &#8230;\n\t\t\t\t\t<a href=\"https:\/\/www.tourette.dk\/forside\/viggo-paa-13-aar-om-at-vaere-paa-familieweekend\/\" title=\"Read More\" target=\"_self\">L\u00e6s mere &#8594;<\/a>\t\t\n\t<h1>\n\t\t\t\tDeltag i vores arrangementer\n\t\t\t<\/h1>\n<h2>\n\t\t\tArrangementer\t<\/h2>\n<h2>\n\t\t\tBliv medlem af foreningen\t<\/h2>\n\t<p>Foreningen er for alle med interesse for Tourette Syndrom.<\/p>\n<p>Du kan l\u00e6se foreningens vedt\u00e6gter <a href=\"https:\/\/www.tourette.dk\/wp-content\/uploads\/DTF-Vedtaegter-2022-1.pdf\">her<\/a><\/p>\n<p>Der er en selvst\u00e6ndig afdeling for <a href=\"http:\/\/www.ungmedtourette.dk\/news.php\" target=\"_blank\" rel=\"noopener\">unge med Tourette<\/a> og for <a href=\"https:\/\/www.tourettesyndrom.dk\/\" target=\"_blank\" rel=\"noopener\">Voksne med Tourette<\/a>.<\/p>\n<p>Det \u00e5rlige kontingent til foreningen er p\u00e5 350 kr.<\/p>\n<p>Du kan indmelde dig direkte p\u00e5 linket herunder.<\/p>\n<p>N\u00e5r vi har modtaget din indmeldelse, f\u00e5r du en bekr\u00e6ftelse med kontingent opkr\u00e6vning.<\/p>\nDu kan ogs\u00e5 downloade en <a href=\"https:\/\/www.tourette.dk\/dev\/wp-content\/uploads\/indmeld_2025.pdf\" target=\"_blank\" rel=\"noopener\">indmeldelsesblanket<\/a> og udfylde den elektronisk.<br \/>\nHusk at arkivere dokumentet, n\u00e5r det er udfyldt. Derefter sendes det i udfyldt stand til foreningens adresse, eller du kan sende indmeldelsen i en e-mail til <a href=\"mailto:dtf@tourette.dk\">dtf@tourette.dk<\/a>.\n<p>Vent med at betale til du f\u00e5r en bekr\u00e6ftelse med posten.<\/p>\n\t\t\t\n<div class=\"wpcf7 no-js\" id=\"wpcf7-f55-o1\" lang=\"da-DK\" dir=\"ltr\" data-wpcf7-id=\"55\">\n<div class=\"screen-reader-response\"><p role=\"status\" aria-live=\"polite\" aria-atomic=\"true\"><\/p> <ul><\/ul><\/div>\n<form action=\"\/forside\/wp-json\/wp\/v2\/pages\/11#wpcf7-f55-o1\" method=\"post\" class=\"wpcf7-form init\" aria-label=\"Kontaktformular\" novalidate=\"novalidate\" data-status=\"init\">\n<fieldset class=\"hidden-fields-container\"><input type=\"hidden\" name=\"_wpcf7\" value=\"55\" \/><input type=\"hidden\" name=\"_wpcf7_version\" value=\"6.1.5\" \/><input type=\"hidden\" name=\"_wpcf7_locale\" value=\"da_DK\" \/><input type=\"hidden\" name=\"_wpcf7_unit_tag\" value=\"wpcf7-f55-o1\" \/><input type=\"hidden\" name=\"_wpcf7_container_post\" value=\"0\" \/><input type=\"hidden\" name=\"_wpcf7_posted_data_hash\" value=\"\" \/><input type=\"hidden\" name=\"_wpcf7cf_hidden_group_fields\" value=\"[]\" \/><input type=\"hidden\" name=\"_wpcf7cf_hidden_groups\" value=\"[]\" \/><input type=\"hidden\" name=\"_wpcf7cf_visible_groups\" value=\"[]\" \/><input type=\"hidden\" name=\"_wpcf7cf_repeaters\" value=\"[]\" \/><input type=\"hidden\" name=\"_wpcf7cf_steps\" value=\"{}\" \/><input type=\"hidden\" name=\"_wpcf7cf_options\" value=\"{&quot;form_id&quot;:55,&quot;conditions&quot;:[],&quot;settings&quot;:{&quot;animation&quot;:&quot;yes&quot;,&quot;animation_intime&quot;:200,&quot;animation_outtime&quot;:200,&quot;conditions_ui&quot;:&quot;normal&quot;,&quot;notice_dismissed&quot;:false,&quot;repeater_remove_button&quot;:&quot;bottom&quot;,&quot;notice_dismissed_update-cf7-5.6.3&quot;:true,&quot;notice_dismissed_rollback-cf7-5.6.4&quot;:true}}\" \/><input type=\"hidden\" name=\"cf7s-user_id\" value=\"0\" \/><input type=\"hidden\" name=\"cf7sub_nonce\" value=\"1bb2319f2e\" \/>\n<\/fieldset>\n<div class=\"row\">\n\t<div class=\"col-sm-12\">\n\t\t<h2>Bliv medlem af Dansk Tourette Forening\n\t\t<\/h2>\n\t<\/div>\n<\/div>\n<div class=\"break\">\n<\/div>\n<div class=\"row\">\n\t<div class=\"col-sm-8\">\n\t\t<p><span class=\"wpcf7-form-control-wrap\" data-name=\"navn-1\"><input size=\"40\" maxlength=\"400\" class=\"wpcf7-form-control wpcf7-text wpcf7-validates-as-required\" aria-required=\"true\" aria-invalid=\"false\" placeholder=\"Navn\" value=\"\" type=\"text\" name=\"navn-1\" \/><\/span>\n\t\t<\/p>\n\t<\/div>\n\t<div class=\"col-sm-4\">\n\t\t<p><span class=\"wpcf7-form-control-wrap\" data-name=\"navn-1-er\"><span class=\"wpcf7-form-control wpcf7-checkbox wpcf7-exclusive-checkbox\"><span class=\"wpcf7-list-item first\"><input type=\"checkbox\" name=\"navn-1-er\" value=\"Patient\" \/><span class=\"wpcf7-list-item-label\">Patient<\/span><\/span><span class=\"wpcf7-list-item\"><input type=\"checkbox\" name=\"navn-1-er\" value=\"For\u00e6ldre\" \/><span class=\"wpcf7-list-item-label\">For\u00e6ldre<\/span><\/span><span class=\"wpcf7-list-item last\"><input type=\"checkbox\" name=\"navn-1-er\" value=\"Andet\" \/><span class=\"wpcf7-list-item-label\">Andet<\/span><\/span><\/span><\/span>\n\t\t<\/p>\n\t<\/div>\n<\/div>\n<div class=\"row\">\n\t<div class=\"col-sm-8\">\n\t\t<p><span class=\"wpcf7-form-control-wrap\" data-name=\"navn-2\"><input size=\"40\" maxlength=\"400\" class=\"wpcf7-form-control wpcf7-text\" aria-invalid=\"false\" placeholder=\"Navn\" value=\"\" type=\"text\" name=\"navn-2\" \/><\/span>\n\t\t<\/p>\n\t<\/div>\n\t<div class=\"col-sm-4\">\n\t\t<p><span class=\"wpcf7-form-control-wrap\" data-name=\"navn-2-er\"><span class=\"wpcf7-form-control wpcf7-checkbox wpcf7-exclusive-checkbox\"><span class=\"wpcf7-list-item first\"><input type=\"checkbox\" name=\"navn-2-er\" value=\"Patient\" \/><span class=\"wpcf7-list-item-label\">Patient<\/span><\/span><span class=\"wpcf7-list-item\"><input type=\"checkbox\" name=\"navn-2-er\" value=\"For\u00e6ldre\" \/><span class=\"wpcf7-list-item-label\">For\u00e6ldre<\/span><\/span><span class=\"wpcf7-list-item last\"><input type=\"checkbox\" name=\"navn-2-er\" value=\"Andet\" \/><span class=\"wpcf7-list-item-label\">Andet<\/span><\/span><\/span><\/span>\n\t\t<\/p>\n\t<\/div>\n<\/div>\n<div class=\"row\">\n\t<div class=\"col-sm-8\">\n\t\t<p><span class=\"wpcf7-form-control-wrap\" data-name=\"navn-3\"><input size=\"40\" maxlength=\"400\" class=\"wpcf7-form-control wpcf7-text\" aria-invalid=\"false\" placeholder=\"Navn\" value=\"\" type=\"text\" name=\"navn-3\" \/><\/span>\n\t\t<\/p>\n\t<\/div>\n\t<div class=\"col-sm-4\">\n\t\t<p><span class=\"wpcf7-form-control-wrap\" data-name=\"navn-3-er\"><span class=\"wpcf7-form-control wpcf7-checkbox wpcf7-exclusive-checkbox\"><span class=\"wpcf7-list-item first\"><input type=\"checkbox\" name=\"navn-3-er\" value=\"Patient\" \/><span class=\"wpcf7-list-item-label\">Patient<\/span><\/span><span class=\"wpcf7-list-item\"><input type=\"checkbox\" name=\"navn-3-er\" value=\"For\u00e6ldre\" \/><span class=\"wpcf7-list-item-label\">For\u00e6ldre<\/span><\/span><span class=\"wpcf7-list-item last\"><input type=\"checkbox\" name=\"navn-3-er\" value=\"Andet\" \/><span class=\"wpcf7-list-item-label\">Andet<\/span><\/span><\/span><\/span>\n\t\t<\/p>\n\t<\/div>\n<\/div>\n<div class=\"row\">\n\t<div class=\"col-sm-8\">\n\t\t<p><span class=\"wpcf7-form-control-wrap\" data-name=\"navn-4\"><input size=\"40\" maxlength=\"400\" class=\"wpcf7-form-control wpcf7-text\" aria-invalid=\"false\" placeholder=\"Navn\" value=\"\" type=\"text\" name=\"navn-4\" \/><\/span>\n\t\t<\/p>\n\t<\/div>\n\t<div class=\"col-sm-4\">\n\t\t<p><span class=\"wpcf7-form-control-wrap\" data-name=\"navn-4-er\"><span class=\"wpcf7-form-control wpcf7-checkbox wpcf7-exclusive-checkbox\"><span class=\"wpcf7-list-item first\"><input type=\"checkbox\" name=\"navn-4-er\" value=\"Patient\" \/><span class=\"wpcf7-list-item-label\">Patient<\/span><\/span><span class=\"wpcf7-list-item\"><input type=\"checkbox\" name=\"navn-4-er\" value=\"For\u00e6ldre\" \/><span class=\"wpcf7-list-item-label\">For\u00e6ldre<\/span><\/span><span class=\"wpcf7-list-item last\"><input type=\"checkbox\" name=\"navn-4-er\" value=\"Andet\" \/><span class=\"wpcf7-list-item-label\">Andet<\/span><\/span><\/span><\/span>\n\t\t<\/p>\n\t<\/div>\n<\/div>\n<div class=\"break\">\n<\/div>\n<div class=\"row\">\n\t<div class=\"col-sm-12\">\n\t\t<p><label>Adresse oplysninger<\/label>\n\t\t<\/p>\n\t<\/div>\n\t<div class=\"col-sm-12\">\n\t\t<p><span class=\"wpcf7-form-control-wrap\" data-name=\"medlems-adresse\"><input size=\"40\" maxlength=\"400\" class=\"wpcf7-form-control wpcf7-text wpcf7-validates-as-required\" aria-required=\"true\" aria-invalid=\"false\" placeholder=\"Adresse\" value=\"\" type=\"text\" name=\"medlems-adresse\" \/><\/span>\n\t\t<\/p>\n\t<\/div>\n<\/div>\n<div class=\"row\">\n\t<div class=\"col-sm-4\">\n\t\t<p><span class=\"wpcf7-form-control-wrap\" data-name=\"medlems-post-nr\"><input size=\"40\" maxlength=\"400\" class=\"wpcf7-form-control wpcf7-text wpcf7-validates-as-required\" aria-required=\"true\" aria-invalid=\"false\" placeholder=\"Post nr.\" value=\"\" type=\"text\" name=\"medlems-post-nr\" \/><\/span>\n\t\t<\/p>\n\t<\/div>\n\t<div class=\"col-sm-8\">\n\t\t<p><span class=\"wpcf7-form-control-wrap\" data-name=\"medlems-by\"><input size=\"40\" maxlength=\"400\" class=\"wpcf7-form-control wpcf7-text wpcf7-validates-as-required\" aria-required=\"true\" aria-invalid=\"false\" placeholder=\"By\" value=\"\" type=\"text\" name=\"medlems-by\" \/><\/span>\n\t\t<\/p>\n\t<\/div>\n<\/div>\n<div class=\"row\">\n\t<div class=\"col-sm-4\">\n\t\t<p><span class=\"wpcf7-form-control-wrap\" data-name=\"medlems-telefon\"><input size=\"40\" maxlength=\"400\" class=\"wpcf7-form-control wpcf7-tel wpcf7-text wpcf7-validates-as-tel\" aria-invalid=\"false\" placeholder=\"Telefon nr.\" value=\"\" type=\"tel\" name=\"medlems-telefon\" \/><\/span>\n\t\t<\/p>\n\t<\/div>\n\t<div class=\"col-sm-8\">\n\t\t<p><span class=\"wpcf7-form-control-wrap\" data-name=\"medlems-email\"><input size=\"40\" maxlength=\"400\" class=\"wpcf7-form-control wpcf7-email wpcf7-validates-as-required wpcf7-text wpcf7-validates-as-email\" aria-required=\"true\" aria-invalid=\"false\" placeholder=\"E-mail\" value=\"\" type=\"email\" name=\"medlems-email\" \/><\/span>\n\t\t<\/p>\n\t<\/div>\n<\/div>\n<div class=\"break\">\n<\/div>\n<div class=\"row\">\n\t<div class=\"col-sm-8\">\n\t\t<p><label>Tourette patienten<\/label><br \/>\n<span class=\"wpcf7-form-control-wrap\" data-name=\"patient-navn\"><input size=\"40\" maxlength=\"400\" class=\"wpcf7-form-control wpcf7-text wpcf7-validates-as-required\" aria-required=\"true\" aria-invalid=\"false\" placeholder=\"Navn\" value=\"\" type=\"text\" name=\"patient-navn\" \/><\/span>\n\t\t<\/p>\n\t<\/div>\n\t<div class=\"col-sm-4\">\n\t\t<p><label>F\u00f8dselsdato.<\/label><br \/>\n<span class=\"wpcf7-form-control-wrap\" data-name=\"patient-foedselsdato\"><input class=\"wpcf7-form-control wpcf7-date wpcf7-validates-as-required wpcf7-validates-as-date\" aria-required=\"true\" aria-invalid=\"false\" value=\"\" type=\"date\" name=\"patient-foedselsdato\" \/><\/span>\n\t\t<\/p>\n\t<\/div>\n<\/div>\n<div class=\"break\">\n<\/div>\n<div class=\"break\">\n<\/div>\n<div class=\"row\">\n\t<div class=\"col-sm-8\">\n\t\t<p><label>Vil du med p\u00e5 foreningens interne kontaktliste<\/label>\n\t\t<\/p>\n\t<\/div>\n\t<div class=\"col-sm-4\">\n\t\t<p><span class=\"wpcf7-form-control-wrap\" data-name=\"intern-kontaktliste\"><span class=\"wpcf7-form-control wpcf7-checkbox wpcf7-validates-as-required wpcf7-exclusive-checkbox\"><span class=\"wpcf7-list-item first\"><input type=\"checkbox\" name=\"intern-kontaktliste\" value=\"Ja\" \/><span class=\"wpcf7-list-item-label\">Ja<\/span><\/span><span class=\"wpcf7-list-item last\"><input type=\"checkbox\" name=\"intern-kontaktliste\" value=\"Nej\" \/><span class=\"wpcf7-list-item-label\">Nej<\/span><\/span><\/span><\/span>\n\t\t<\/p>\n\t<\/div>\n<\/div>\n<div class=\"row\">\n\t<div class=\"col-sm-12\">\n\t\t<p><span class=\"wpcf7-form-control-wrap\" data-name=\"formular-besked\"><textarea cols=\"40\" rows=\"10\" maxlength=\"2000\" class=\"wpcf7-form-control wpcf7-textarea\" aria-invalid=\"false\" placeholder=\"Evt. besked\" name=\"formular-besked\"><\/textarea><\/span>\n\t\t<\/p>\n\t<\/div>\n<\/div>\n<p><span id=\"wpcf7-69f8812223b87-wrapper\" class=\"wpcf7-form-control-wrap rgweergt-486-wrap\" style=\"display:none !important; visibility:hidden !important;\"><label for=\"wpcf7-69f8812223b87-field\" class=\"hp-message\">Please leave this field empty.<\/label><input id=\"wpcf7-69f8812223b87-field\"  class=\"wpcf7-form-control wpcf7-text\" type=\"text\" name=\"rgweergt-486\" value=\"\" size=\"40\" tabindex=\"-1\" autocomplete=\"new-password\" \/><\/span>\n<\/p>\n<div class=\"break\">\n<\/div>\n<div class=\"row\">\n\t<div class=\"col-sm-12\">\n\t\t<p><span class=\"wpcf7-form-control-wrap\" data-name=\"acceptance-601\"><span class=\"wpcf7-form-control wpcf7-acceptance\"><span class=\"wpcf7-list-item\"><input type=\"checkbox\" name=\"acceptance-601\" value=\"1\" aria-invalid=\"false\" \/><\/span><\/span><\/span> Jeg accepterer <a href=\"https:\/\/www.tourette.dk\/wp-content\/uploads\/DTF-Vedtaegter-2022-1.pdf\" target=\"_blank\">Dansk Tourette Forenings betingelser for medlemsskab<\/a>\n\t\t<\/p>\n\t<\/div>\n\t<div class=\"break\">\n\t<\/div>\n\t<div class=\"col-sm-12\">\n\t\t<p><input class=\"wpcf7-form-control wpcf7-submit has-spinner\" type=\"submit\" value=\"Send tilmelding\" \/>\n\t\t<\/p>\n\t<\/div>\n<\/div><div class=\"wpcf7-response-output\" aria-hidden=\"true\"><\/div>\n<\/form>\n<\/div>\n\n\t\t\t<a href=\"javascript:void(0)\" title=\"Bliv medlem her...\" target=\"_self\"  data-modal=  role=\"button\" aria-label=\"Bliv medlem her...\">\n\t\t\t\t\t\t\tBliv medlem her&#8230;\n\t\t<\/a>\n\t\t\t\t<img decoding=\"async\" src=\"https:\/\/downloads.brainstormforce.com\/uabb\/sections-cloud-watermark\/2017\/06\/law-icon08-free-img.png\" alt=\"\" title=\"\" itemprop=\"image\"\/>\n\t\t\t\t<p>L\u00e6s alt om hvad der sker p\u00e5 omr\u00e5det med Tourettes syndrom. Se mere om Dansk Tourette Forenings arrangementer, og bliv inspireret af andre der lever med tics.\u00a0<\/p>\n\t\t\t<a href=\"https:\/\/www.tourette.dk\/wp-content\/uploads\/2026\/02\/Touretteblad-2026-web.pdf\"  target=\"_blank\" rel=\"noopener\"    rel=\"noopener\">\n\t\t\t\t\t\tL\u00e6s medlemsbladet her&#8230;\n\t\t\t\t\t<\/a>\n<figure itemscope itemtype=\"https:\/\/schema.org\/ImageObject\">\n\t\t\t\t<a href=\"https:\/\/www.tourette.dk\/wp-content\/uploads\/2026\/02\/Touretteblad-2026-web.pdf\"  target=\"_self\" itemprop=\"url\">\n\t\t\t\t<img decoding=\"async\" src=\"https:\/\/www.tourette.dk\/wp-content\/uploads\/2026\/02\/Forside-Touretteblad-2026.png\" alt=\"Forside Touretteblad 2026\" height=\"2038\" width=\"1456\" title=\"Forside Touretteblad 2026\" onerror=\"this.style.display='none'\" loading=\"lazy\" \/>\n\t\t\t\t<\/a>\n\t<\/figure>\n<h1>\n\t\tTics og Tourette Syndrom\n\t\t\t\t<\/h1>\t\n\t\t<iframe loading=\"lazy\" src=\"\/\/region-midtjylland.23video.com\/v.ihtml\/player.html?token=72e303ee4ae934843bbac3507638b6fd&#038;source=embed&#038;photo%5fid=68462391\" width=\"450\" height=\"450\" frameborder=\"0\" border=\"0\" scrolling=\"no\" mozallowfullscreen=\"1\" webkitallowfullscreen=\"1\" allowfullscreen=\"1\" allow=\"autoplay; fullscreen\"><\/iframe>\t\n<h4>\n\t\t\tPsykiatrien i Region Midtjylland s\u00e6tter fokus p\u00e5 tics og Tourettes syndrom\t<\/h4>\n\t<h1>\n\t\t\t\tGalleri\n\t\t\t<\/h1>\n\t<h1>Billeder fra Foredrag med Lola Jensen og familiedag p\u00e5 Dalum Landbrugsskole i 2021<\/h1>\n\t<h1>\n\t\t\t\t<em>Hvad er Tourettes syndrom?<\/em>\n\t\t\t<\/h1>\n\t\t\t<h1>Tourettes syndrom<\/h1>\t\t\t\n\t\t\t\t<p>L\u00e6s en alternativ beskrivelse af Tourettes Syndrom ved at klikke her.<\/p>\n\t\t\t<a href=\"http:\/\/www.tourette.dk\/dev\/wp-content\/uploads\/2017\/11\/Plakat_Tourettes_syndrom.pdf\" title=\"L\u00e6s beskrivelsen her.\" target=\"_blank\" rel=\"noopener\"  role=\"button\" aria-label=\"L\u00e6s beskrivelsen her.\">\n\t\t\t\t\t\t\tL\u00e6s beskrivelsen her.\n\t\t<\/a>\n\n","protected":false},"excerpt":{"rendered":"<p>Velkommen til Dansk Tourette Forening Viden. Forst\u00e5else. F\u00e6llesskab. Dansk Tourette Forening er landsforeningen for b\u00e6rere af Tourettes syndrom og deres p\u00e5r\u00f8rende. Om foreningen Dansk Tourette Forening er en landsforening for b\u00e6rere af Gilles de la Tourettes syndrom (TS) og deres p\u00e5r\u00f8rende. Foreningen er startet i 1984 og har som form\u00e5l at hj\u00e6lpe medlemmerne &#8211; udbrede&hellip;<\/p>\n","protected":false},"author":1,"featured_media":0,"parent":0,"menu_order":0,"comment_status":"closed","ping_status":"closed","template":"","meta":{"om_disable_all_campaigns":false,"_monsterinsights_skip_tracking":false,"_monsterinsights_sitenote_active":false,"_monsterinsights_sitenote_note":"","_monsterinsights_sitenote_category":0,"footnotes":""},"class_list":["post-11","page","type-page","status-publish","hentry"],"aioseo_notices":[],"_links":{"self":[{"href":"https:\/\/www.tourette.dk\/forside\/wp-json\/wp\/v2\/pages\/11","targetHints":{"allow":["GET"]}}],"collection":[{"href":"https:\/\/www.tourette.dk\/forside\/wp-json\/wp\/v2\/pages"}],"about":[{"href":"https:\/\/www.tourette.dk\/forside\/wp-json\/wp\/v2\/types\/page"}],"author":[{"embeddable":true,"href":"https:\/\/www.tourette.dk\/forside\/wp-json\/wp\/v2\/users\/1"}],"replies":[{"embeddable":true,"href":"https:\/\/www.tourette.dk\/forside\/wp-json\/wp\/v2\/comments?post=11"}],"version-history":[{"count":5,"href":"https:\/\/www.tourette.dk\/forside\/wp-json\/wp\/v2\/pages\/11\/revisions"}],"predecessor-version":[{"id":6925,"href":"https:\/\/www.tourette.dk\/forside\/wp-json\/wp\/v2\/pages\/11\/revisions\/6925"}],"wp:attachment":[{"href":"https:\/\/www.tourette.dk\/forside\/wp-json\/wp\/v2\/media?parent=11"}],"curies":[{"name":"wp","href":"https:\/\/api.w.org\/{rel}","templated":true}]}}